{"id":231,"date":"2026-03-01T20:50:44","date_gmt":"2026-03-02T01:50:44","guid":{"rendered":"https:\/\/web.hilo.org.pe\/?page_id=231"},"modified":"2026-03-30T20:42:31","modified_gmt":"2026-03-31T01:42:31","slug":"publicaciones","status":"publish","type":"page","link":"https:\/\/ceas.org.pe\/index.php\/publicaciones\/","title":{"rendered":"Publicaciones"},"content":{"rendered":"\t\t<div data-elementor-type=\"wp-page\" data-elementor-id=\"231\" class=\"elementor elementor-231\">\n\t\t\t\t<div class=\"elementor-element elementor-element-e36932d e-flex e-con-boxed e-con e-parent\" data-id=\"e36932d\" data-element_type=\"container\" data-e-type=\"container\" data-settings=\"{&quot;background_background&quot;:&quot;classic&quot;}\">\n\t\t\t\t\t<div class=\"e-con-inner\">\n\t\t\t\t<div class=\"elementor-element elementor-element-60a131e elementor-widget elementor-widget-heading\" data-id=\"60a131e\" data-element_type=\"widget\" data-e-type=\"widget\" data-widget_type=\"heading.default\">\n\t\t\t\t\t<h2 class=\"elementor-heading-title elementor-size-default\">PUBLICACIONES<\/h2>\t\t\t\t<\/div>\n\t\t\t\t\t<\/div>\n\t\t\t\t<\/div>\n\t\t<div class=\"elementor-element elementor-element-61260d0 e-flex e-con-boxed e-con e-parent\" data-id=\"61260d0\" data-element_type=\"container\" data-e-type=\"container\">\n\t\t\t\t\t<div class=\"e-con-inner\">\n\t\t\t\t<div class=\"elementor-element elementor-element-17e6e24 hfe-search-layout-icon_text elementor-widget__width-initial elementor-widget elementor-widget-hfe-search-button\" data-id=\"17e6e24\" data-element_type=\"widget\" data-e-type=\"widget\" data-settings=\"{&quot;button_width&quot;:{&quot;unit&quot;:&quot;px&quot;,&quot;size&quot;:0,&quot;sizes&quot;:[]},&quot;size&quot;:{&quot;unit&quot;:&quot;px&quot;,&quot;size&quot;:50,&quot;sizes&quot;:[]},&quot;size_tablet&quot;:{&quot;unit&quot;:&quot;px&quot;,&quot;size&quot;:&quot;&quot;,&quot;sizes&quot;:[]},&quot;size_mobile&quot;:{&quot;unit&quot;:&quot;px&quot;,&quot;size&quot;:&quot;&quot;,&quot;sizes&quot;:[]},&quot;icon_size&quot;:{&quot;unit&quot;:&quot;px&quot;,&quot;size&quot;:&quot;16&quot;,&quot;sizes&quot;:[]},&quot;icon_size_tablet&quot;:{&quot;unit&quot;:&quot;px&quot;,&quot;size&quot;:&quot;&quot;,&quot;sizes&quot;:[]},&quot;icon_size_mobile&quot;:{&quot;unit&quot;:&quot;px&quot;,&quot;size&quot;:&quot;&quot;,&quot;sizes&quot;:[]},&quot;button_width_tablet&quot;:{&quot;unit&quot;:&quot;px&quot;,&quot;size&quot;:&quot;&quot;,&quot;sizes&quot;:[]},&quot;button_width_mobile&quot;:{&quot;unit&quot;:&quot;px&quot;,&quot;size&quot;:&quot;&quot;,&quot;sizes&quot;:[]},&quot;close_icon_size&quot;:{&quot;unit&quot;:&quot;px&quot;,&quot;size&quot;:&quot;20&quot;,&quot;sizes&quot;:[]},&quot;close_icon_size_tablet&quot;:{&quot;unit&quot;:&quot;px&quot;,&quot;size&quot;:&quot;&quot;,&quot;sizes&quot;:[]},&quot;close_icon_size_mobile&quot;:{&quot;unit&quot;:&quot;px&quot;,&quot;size&quot;:&quot;&quot;,&quot;sizes&quot;:[]}}\" data-widget_type=\"hfe-search-button.default\">\n\t\t\t\t<div class=\"elementor-widget-container\">\n\t\t\t\t\t\t\t<form class=\"hfe-search-button-wrapper\" role=\"search\" action=\"https:\/\/ceas.org.pe\/\" method=\"get\">\n\n\t\t\t\t\t\t<div class=\"hfe-search-form__container\" role=\"tablist\">\n\t\t\t\t\t\t\t\t\t<input placeholder=\"Buscar en CEAS...\" class=\"hfe-search-form__input\" type=\"search\" name=\"s\" title=\"Search\" value=\"\">\n\t\t\t\t\t<button id=\"clear-with-button\" type=\"reset\">\n\t\t\t\t\t\t<i class=\"fas fa-times\" aria-hidden=\"true\"><\/i>\n\t\t\t\t\t<\/button>\n\t\t\t\t\t<button class=\"hfe-search-submit\" type=\"submit\">\n\t\t\t\t\t\t<i class=\"fas fa-search\" aria-hidden=\"true\"><\/i>\n\t\t\t\t\t<\/button>\n\t\t\t\t\t\t\t<\/div>\n\t\t\t\t<\/form>\n\t\t\t\t\t\t<\/div>\n\t\t\t\t<\/div>\n\t\t\t\t\t<\/div>\n\t\t\t\t<\/div>\n\t\t<div class=\"elementor-element elementor-element-4e76cc9 e-flex e-con-boxed e-con e-parent\" data-id=\"4e76cc9\" data-element_type=\"container\" data-e-type=\"container\">\n\t\t\t\t\t<div class=\"e-con-inner\">\n\t\t\t\t<div class=\"elementor-element elementor-element-fabb490 elementor-grid-eael-col-4 elementor-grid-tablet-eael-col-2 elementor-grid-mobile-eael-col-1 elementor-widget elementor-widget-eael-post-grid\" data-id=\"fabb490\" data-element_type=\"widget\" data-e-type=\"widget\" data-settings=\"{&quot;eael_post_grid_columns&quot;:&quot;eael-col-4&quot;,&quot;eael_post_grid_columns_tablet&quot;:&quot;eael-col-2&quot;,&quot;eael_post_grid_columns_mobile&quot;:&quot;eael-col-1&quot;}\" data-widget_type=\"eael-post-grid.default\">\n\t\t\t\t\t<div id=\"eael-post-grid-fabb490\" class=\"eael-post-grid-container\">\n            <div class=\"eael-post-grid eael-post-appender eael-post-appender-fabb490 eael-post-grid-style-two\" data-layout-mode=\"grid\"><article class=\"eael-grid-post  eael-post-grid-column eael-pg-post-8889 category-pastoral-carcelaria-publicaciones-ventana-pastoral\" data-id=\"8889\">\n    <div class=\"eael-grid-post-holder\">\n        <div class=\"eael-grid-post-holder-inner\"><div class=\"eael-entry-wrapper\"><header class=\"eael-entry-header\"><h4 class=\"eael-entry-title\"><a class=\"eael-grid-post-link\" href=\"https:\/\/ceas.org.pe\/index.php\/2026\/04\/07\/desafios-para-el-proximo-gobierno-seguridad-ciudadana-carceles-y-resocializacion\/\" title=\"Desaf\u00edos para el pr\u00f3ximo gobierno SEGURIDAD CIUDADANA, C\u00c1RCELES Y RESOCIALIZACI\u00d3N\">Desaf\u00edos para el pr\u00f3ximo gobierno SEGURIDAD CIUDADANA, C\u00c1RCELES Y RESOCIALIZACI\u00d3N<\/a><\/h4><\/header><div class=\"eael-entry-content\">\n                                <div class=\"eael-grid-post-excerpt\"><p>Ante el actual contexto electoral del Per\u00fa, el Equipo de Coordinaci\u00f3n Nacional de Pastoral de C\u00e1rceles y la Comisi\u00f3n Episcopal de Acci\u00f3n Social, planteamos a los candidatos y las candidatas que aspiran a ser gobernantes,...<\/p><a href=\"https:\/\/ceas.org.pe\/index.php\/2026\/04\/07\/desafios-para-el-proximo-gobierno-seguridad-ciudadana-carceles-y-resocializacion\/\" class=\"eael-post-elements-readmore-btn\">ABRIR DOCUMENTO<\/a><\/div>\n                            <\/div><div class=\"eael-entry-header-after style-two\"><div class=\"eael-entry-meta\"><span class=\"eael-meta-posted-on\"><i class=\"far fa-clock\"><\/i><time datetime=\"7 de abril de 2026\">7 de abril de 2026<\/time><\/span><\/div><\/div><\/div><\/div>\n    <\/div>\n<\/article><article class=\"eael-grid-post  eael-post-grid-column eael-pg-post-8815 category-publicaciones\" data-id=\"8815\">\n    <div class=\"eael-grid-post-holder\">\n        <div class=\"eael-grid-post-holder-inner\"><div class=\"eael-entry-media\"><div class=\"eael-entry-overlay fade-in\"><i class=\"fas fa-file-pdf\" aria-hidden=\"true\"><\/i><a href=\"https:\/\/ceas.org.pe\/index.php\/2026\/03\/24\/las-cosas-nuevas-de-ayer-y-de-hoy-dignidad-y-derechos-de-los-trabajadores\/\"rel=\"nofollow\"><\/a><\/div><div class=\"eael-entry-thumbnail \">\n                            <img fetchpriority=\"high\" decoding=\"async\" width=\"213\" height=\"300\" src=\"https:\/\/ceas.org.pe\/wp-content\/uploads\/Captura-de-pantalla-2026-03-24-173622-213x300.png\" class=\"attachment-medium size-medium wp-image-8816\" alt=\"\" srcset=\"https:\/\/ceas.org.pe\/wp-content\/uploads\/Captura-de-pantalla-2026-03-24-173622-213x300.png 213w, https:\/\/ceas.org.pe\/wp-content\/uploads\/Captura-de-pantalla-2026-03-24-173622.png 649w\" sizes=\"(max-width: 213px) 100vw, 213px\" \/>\n                            <\/div>\n                    <\/div><div class=\"eael-entry-wrapper\"><header class=\"eael-entry-header\"><h4 class=\"eael-entry-title\"><a class=\"eael-grid-post-link\" href=\"https:\/\/ceas.org.pe\/index.php\/2026\/03\/24\/las-cosas-nuevas-de-ayer-y-de-hoy-dignidad-y-derechos-de-los-trabajadores\/\" title=\"Las \u201ccosas nuevas\u201d de ayer y de hoy Dignidad y derechos de los trabajadores\">Las \u201ccosas nuevas\u201d de ayer y de hoy Dignidad y derechos de los trabajadores<\/a><\/h4><\/header><div class=\"eael-entry-content\">\n                                <div class=\"eael-grid-post-excerpt\"><p><\/p><a href=\"https:\/\/ceas.org.pe\/index.php\/2026\/03\/24\/las-cosas-nuevas-de-ayer-y-de-hoy-dignidad-y-derechos-de-los-trabajadores\/\" class=\"eael-post-elements-readmore-btn\">ABRIR DOCUMENTO<\/a><\/div>\n                            <\/div><div class=\"eael-entry-header-after style-two\"><div class=\"eael-entry-meta\"><span class=\"eael-meta-posted-on\"><i class=\"far fa-clock\"><\/i><time datetime=\"24 de marzo de 2026\">24 de marzo de 2026<\/time><\/span><\/div><\/div><\/div><\/div>\n    <\/div>\n<\/article><article class=\"eael-grid-post  eael-post-grid-column eael-pg-post-8644 category-criterios-eticos tags-materiales-ludicos\" data-id=\"8644\">\n    <div class=\"eael-grid-post-holder\">\n        <div class=\"eael-grid-post-holder-inner\"><div class=\"eael-entry-wrapper\"><header class=\"eael-entry-header\"><h4 class=\"eael-entry-title\"><a class=\"eael-grid-post-link\" href=\"https:\/\/ceas.org.pe\/index.php\/2026\/03\/20\/materiales-ludicos-criterios-eticos\/\" title=\"Materiales l\u00fadicos &#8211; Criterios \u00c9ticos\">Materiales l\u00fadicos &#8211; Criterios \u00c9ticos<\/a><\/h4><\/header><div class=\"eael-entry-content\">\n                                <div class=\"eael-grid-post-excerpt\"><p><\/p><a href=\"https:\/\/ceas.org.pe\/index.php\/2026\/03\/20\/materiales-ludicos-criterios-eticos\/\" class=\"eael-post-elements-readmore-btn\">ABRIR DOCUMENTO<\/a><\/div>\n                            <\/div><div class=\"eael-entry-header-after style-two\"><div class=\"eael-entry-meta\"><span class=\"eael-meta-posted-on\"><i class=\"far fa-clock\"><\/i><time datetime=\"20 de marzo de 2026\">20 de marzo de 2026<\/time><\/span><\/div><\/div><\/div><\/div>\n    <\/div>\n<\/article><article class=\"eael-grid-post  eael-post-grid-column eael-pg-post-8601 category-criterios-eticos\" data-id=\"8601\">\n    <div class=\"eael-grid-post-holder\">\n        <div class=\"eael-grid-post-holder-inner\"><div class=\"eael-entry-media\"><div class=\"eael-entry-overlay fade-in\"><i class=\"fas fa-file-pdf\" aria-hidden=\"true\"><\/i><a href=\"https:\/\/ceas.org.pe\/index.php\/2026\/03\/19\/folleto-1-criterios-eticos-para-decidir-mejor\/\"rel=\"nofollow\"><\/a><\/div><div class=\"eael-entry-thumbnail \">\n                            <img decoding=\"async\" width=\"210\" height=\"300\" src=\"https:\/\/ceas.org.pe\/wp-content\/uploads\/Captura-de-pantalla-2026-03-20-144612-210x300.png\" class=\"attachment-medium size-medium wp-image-8603\" alt=\"\" srcset=\"https:\/\/ceas.org.pe\/wp-content\/uploads\/Captura-de-pantalla-2026-03-20-144612-210x300.png 210w, https:\/\/ceas.org.pe\/wp-content\/uploads\/Captura-de-pantalla-2026-03-20-144612.png 454w\" sizes=\"(max-width: 210px) 100vw, 210px\" \/>\n                            <\/div>\n                    <\/div><div class=\"eael-entry-wrapper\"><header class=\"eael-entry-header\"><h4 class=\"eael-entry-title\"><a class=\"eael-grid-post-link\" href=\"https:\/\/ceas.org.pe\/index.php\/2026\/03\/19\/folleto-1-criterios-eticos-para-decidir-mejor\/\" title=\"Folleto 1: Criterios \u00c9ticos para Decidir Mejor\">Folleto 1: Criterios \u00c9ticos para Decidir Mejor<\/a><\/h4><\/header><div class=\"eael-entry-content\">\n                                <div class=\"eael-grid-post-excerpt\"><p><\/p><a href=\"https:\/\/ceas.org.pe\/index.php\/2026\/03\/19\/folleto-1-criterios-eticos-para-decidir-mejor\/\" class=\"eael-post-elements-readmore-btn\">ABRIR DOCUMENTO<\/a><\/div>\n                            <\/div><div class=\"eael-entry-header-after style-two\"><div class=\"eael-entry-meta\"><span class=\"eael-meta-posted-on\"><i class=\"far fa-clock\"><\/i><time datetime=\"19 de marzo de 2026\">19 de marzo de 2026<\/time><\/span><\/div><\/div><\/div><\/div>\n    <\/div>\n<\/article><article class=\"eael-grid-post  eael-post-grid-column eael-pg-post-8610 category-criterios-eticos\" data-id=\"8610\">\n    <div class=\"eael-grid-post-holder\">\n        <div class=\"eael-grid-post-holder-inner\"><div class=\"eael-entry-media\"><div class=\"eael-entry-overlay fade-in\"><i class=\"fas fa-file-pdf\" aria-hidden=\"true\"><\/i><a href=\"https:\/\/ceas.org.pe\/index.php\/2026\/03\/19\/folleto-2-criterios-eticos-para-decidir-mejor\/\"rel=\"nofollow\"><\/a><\/div><div class=\"eael-entry-thumbnail \">\n                            <img decoding=\"async\" width=\"213\" height=\"300\" src=\"https:\/\/ceas.org.pe\/wp-content\/uploads\/Captura-de-pantalla-2026-03-20-145112-213x300.png\" class=\"attachment-medium size-medium wp-image-8611\" alt=\"\" srcset=\"https:\/\/ceas.org.pe\/wp-content\/uploads\/Captura-de-pantalla-2026-03-20-145112-213x300.png 213w, https:\/\/ceas.org.pe\/wp-content\/uploads\/Captura-de-pantalla-2026-03-20-145112.png 306w\" sizes=\"(max-width: 213px) 100vw, 213px\" \/>\n                            <\/div>\n                    <\/div><div class=\"eael-entry-wrapper\"><header class=\"eael-entry-header\"><h4 class=\"eael-entry-title\"><a class=\"eael-grid-post-link\" href=\"https:\/\/ceas.org.pe\/index.php\/2026\/03\/19\/folleto-2-criterios-eticos-para-decidir-mejor\/\" title=\"Folleto 2 &#8211; Criterios \u00c9ticos para Decidir Mejor\">Folleto 2 &#8211; Criterios \u00c9ticos para Decidir Mejor<\/a><\/h4><\/header><div class=\"eael-entry-content\">\n                                <div class=\"eael-grid-post-excerpt\"><p><\/p><a href=\"https:\/\/ceas.org.pe\/index.php\/2026\/03\/19\/folleto-2-criterios-eticos-para-decidir-mejor\/\" class=\"eael-post-elements-readmore-btn\">ABRIR DOCUMENTO<\/a><\/div>\n                            <\/div><div class=\"eael-entry-header-after style-two\"><div class=\"eael-entry-meta\"><span class=\"eael-meta-posted-on\"><i class=\"far fa-clock\"><\/i><time datetime=\"19 de marzo de 2026\">19 de marzo de 2026<\/time><\/span><\/div><\/div><\/div><\/div>\n    <\/div>\n<\/article><article class=\"eael-grid-post  eael-post-grid-column eael-pg-post-8613 category-criterios-eticos\" data-id=\"8613\">\n    <div class=\"eael-grid-post-holder\">\n        <div class=\"eael-grid-post-holder-inner\"><div class=\"eael-entry-media\"><div class=\"eael-entry-overlay fade-in\"><i class=\"fas fa-file-pdf\" aria-hidden=\"true\"><\/i><a href=\"https:\/\/ceas.org.pe\/index.php\/2026\/03\/17\/folleto-3-criterios-eticos-para-decidir-mejor\/\"rel=\"nofollow\"><\/a><\/div><div class=\"eael-entry-thumbnail \">\n                            <img loading=\"lazy\" decoding=\"async\" width=\"209\" height=\"300\" src=\"https:\/\/ceas.org.pe\/wp-content\/uploads\/Captura-de-pantalla-2026-03-20-145858-209x300.png\" class=\"attachment-medium size-medium wp-image-8614\" alt=\"\" srcset=\"https:\/\/ceas.org.pe\/wp-content\/uploads\/Captura-de-pantalla-2026-03-20-145858-209x300.png 209w, https:\/\/ceas.org.pe\/wp-content\/uploads\/Captura-de-pantalla-2026-03-20-145858.png 451w\" sizes=\"(max-width: 209px) 100vw, 209px\" \/>\n                            <\/div>\n                    <\/div><div class=\"eael-entry-wrapper\"><header class=\"eael-entry-header\"><h4 class=\"eael-entry-title\"><a class=\"eael-grid-post-link\" href=\"https:\/\/ceas.org.pe\/index.php\/2026\/03\/17\/folleto-3-criterios-eticos-para-decidir-mejor\/\" title=\"Folleto 3 &#8211; Criterios \u00c9ticos para Decidir Mejor\">Folleto 3 &#8211; Criterios \u00c9ticos para Decidir Mejor<\/a><\/h4><\/header><div class=\"eael-entry-content\">\n                                <div class=\"eael-grid-post-excerpt\"><p><\/p><a href=\"https:\/\/ceas.org.pe\/index.php\/2026\/03\/17\/folleto-3-criterios-eticos-para-decidir-mejor\/\" class=\"eael-post-elements-readmore-btn\">ABRIR DOCUMENTO<\/a><\/div>\n                            <\/div><div class=\"eael-entry-header-after style-two\"><div class=\"eael-entry-meta\"><span class=\"eael-meta-posted-on\"><i class=\"far fa-clock\"><\/i><time datetime=\"17 de marzo de 2026\">17 de marzo de 2026<\/time><\/span><\/div><\/div><\/div><\/div>\n    <\/div>\n<\/article><article class=\"eael-grid-post  eael-post-grid-column eael-pg-post-8623 category-criterios-eticos\" data-id=\"8623\">\n    <div class=\"eael-grid-post-holder\">\n        <div class=\"eael-grid-post-holder-inner\"><div class=\"eael-entry-media\"><div class=\"eael-entry-overlay fade-in\"><i class=\"fas fa-file-pdf\" aria-hidden=\"true\"><\/i><a href=\"https:\/\/ceas.org.pe\/index.php\/2026\/03\/16\/folleto-4-criterios-eticos-para-decidir-mejor\/\"rel=\"nofollow\"><\/a><\/div><div class=\"eael-entry-thumbnail \">\n                            <img loading=\"lazy\" decoding=\"async\" width=\"211\" height=\"300\" src=\"https:\/\/ceas.org.pe\/wp-content\/uploads\/Captura-de-pantalla-2026-03-20-145929-211x300.png\" class=\"attachment-medium size-medium wp-image-8624\" alt=\"\" srcset=\"https:\/\/ceas.org.pe\/wp-content\/uploads\/Captura-de-pantalla-2026-03-20-145929-211x300.png 211w, https:\/\/ceas.org.pe\/wp-content\/uploads\/Captura-de-pantalla-2026-03-20-145929.png 457w\" sizes=\"(max-width: 211px) 100vw, 211px\" \/>\n                            <\/div>\n                    <\/div><div class=\"eael-entry-wrapper\"><header class=\"eael-entry-header\"><h4 class=\"eael-entry-title\"><a class=\"eael-grid-post-link\" href=\"https:\/\/ceas.org.pe\/index.php\/2026\/03\/16\/folleto-4-criterios-eticos-para-decidir-mejor\/\" title=\"Folleto 4 &#8211; Criterios \u00c9ticos para Decidir Mejor\">Folleto 4 &#8211; Criterios \u00c9ticos para Decidir Mejor<\/a><\/h4><\/header><div class=\"eael-entry-content\">\n                                <div class=\"eael-grid-post-excerpt\"><p><\/p><a href=\"https:\/\/ceas.org.pe\/index.php\/2026\/03\/16\/folleto-4-criterios-eticos-para-decidir-mejor\/\" class=\"eael-post-elements-readmore-btn\">ABRIR DOCUMENTO<\/a><\/div>\n                            <\/div><div class=\"eael-entry-header-after style-two\"><div class=\"eael-entry-meta\"><span class=\"eael-meta-posted-on\"><i class=\"far fa-clock\"><\/i><time datetime=\"16 de marzo de 2026\">16 de marzo de 2026<\/time><\/span><\/div><\/div><\/div><\/div>\n    <\/div>\n<\/article><article class=\"eael-grid-post  eael-post-grid-column eael-pg-post-8626 category-criterios-eticos\" data-id=\"8626\">\n    <div class=\"eael-grid-post-holder\">\n        <div class=\"eael-grid-post-holder-inner\"><div class=\"eael-entry-media\"><div class=\"eael-entry-overlay fade-in\"><i class=\"fas fa-file-pdf\" aria-hidden=\"true\"><\/i><a href=\"https:\/\/ceas.org.pe\/index.php\/2026\/03\/15\/folleto-4-criterios-eticos-para-decidir-mejor-2\/\"rel=\"nofollow\"><\/a><\/div><div class=\"eael-entry-thumbnail \">\n                            <img loading=\"lazy\" decoding=\"async\" width=\"211\" height=\"300\" src=\"https:\/\/ceas.org.pe\/wp-content\/uploads\/Captura-de-pantalla-2026-03-20-145952-211x300.png\" class=\"attachment-medium size-medium wp-image-8627\" alt=\"\" srcset=\"https:\/\/ceas.org.pe\/wp-content\/uploads\/Captura-de-pantalla-2026-03-20-145952-211x300.png 211w, https:\/\/ceas.org.pe\/wp-content\/uploads\/Captura-de-pantalla-2026-03-20-145952.png 458w\" sizes=\"(max-width: 211px) 100vw, 211px\" \/>\n                            <\/div>\n                    <\/div><div class=\"eael-entry-wrapper\"><header class=\"eael-entry-header\"><h4 class=\"eael-entry-title\"><a class=\"eael-grid-post-link\" href=\"https:\/\/ceas.org.pe\/index.php\/2026\/03\/15\/folleto-4-criterios-eticos-para-decidir-mejor-2\/\" title=\"Folleto 5 &#8211; Criterios \u00c9ticos para Decidir Mejor\">Folleto 5 &#8211; Criterios \u00c9ticos para Decidir Mejor<\/a><\/h4><\/header><div class=\"eael-entry-content\">\n                                <div class=\"eael-grid-post-excerpt\"><p><\/p><a href=\"https:\/\/ceas.org.pe\/index.php\/2026\/03\/15\/folleto-4-criterios-eticos-para-decidir-mejor-2\/\" class=\"eael-post-elements-readmore-btn\">ABRIR DOCUMENTO<\/a><\/div>\n                            <\/div><div class=\"eael-entry-header-after style-two\"><div class=\"eael-entry-meta\"><span class=\"eael-meta-posted-on\"><i class=\"far fa-clock\"><\/i><time datetime=\"15 de marzo de 2026\">15 de marzo de 2026<\/time><\/span><\/div><\/div><\/div><\/div>\n    <\/div>\n<\/article><\/div>\n            <div class=\"clearfix\"><\/div>\n        <\/div>            <div class=\"eael-load-more-button-wrap\">\n                <button class=\"eael-load-more-button\" id=\"eael-load-more-btn-fabb490\" data-widget-id=\"fabb490\" data-widget=\"fabb490\" data-page-id=\"231\" data-template=\"{&quot;dir&quot;:&quot;lite&quot;,&quot;file_name&quot;:&quot;two.php&quot;,&quot;name&quot;:&quot;Post-Grid&quot;}\" data-class=\"Essential_Addons_Elementor\\Elements\\Post_Grid\" data-layout=\"grid\" data-page=\"1\" data-args=\"orderby=date&amp;order=desc&amp;ignore_sticky_posts=1&amp;post_status=publish&amp;posts_per_page=8&amp;offset=0&amp;post_type=post&amp;tax_query%5B0%5D%5Btaxonomy%5D=category&amp;tax_query%5B0%5D%5Bfield%5D=term_id&amp;tax_query%5B0%5D%5Bterms%5D%5B0%5D=5&amp;tax_query%5Brelation%5D=AND\" data-max-page=\"12\">\n                    <span class=\"eael-btn-loader button__loader\"><\/span>\n                    <span class=\"eael_load_more_text\">CARGAR M\u00c1S<\/span>\n                <\/button>\n            <\/div>\n            \t\t\t\t<\/div>\n\t\t\t\t\t<\/div>\n\t\t\t\t<\/div>\n\t\t\t\t<\/div>\n\t\t","protected":false},"excerpt":{"rendered":"<p>PUBLICACIONES V JORNADA MUNDIAL DE LOS POBRES \u201cA los pobres los tienen siempre con ustedes\u201d (Mc 14, 7) Este material de reflexi\u00f3n que comparte el mensaje del Papa Francisco esperamos sea de su ayuda, no solo para enriquecer la biblioteca sino para&#8230; ABRIR DOCUMENTO 11 de noviembre de 2021 LA ESCUCHA EN LA PRIMERA ASAMBLEA [&hellip;]<\/p>\n","protected":false},"author":1,"featured_media":0,"parent":0,"menu_order":0,"comment_status":"closed","ping_status":"closed","template":"","meta":{"footnotes":""},"class_list":["post-231","page","type-page","status-publish","hentry"],"_links":{"self":[{"href":"https:\/\/ceas.org.pe\/index.php\/wp-json\/wp\/v2\/pages\/231","targetHints":{"allow":["GET"]}}],"collection":[{"href":"https:\/\/ceas.org.pe\/index.php\/wp-json\/wp\/v2\/pages"}],"about":[{"href":"https:\/\/ceas.org.pe\/index.php\/wp-json\/wp\/v2\/types\/page"}],"author":[{"embeddable":true,"href":"https:\/\/ceas.org.pe\/index.php\/wp-json\/wp\/v2\/users\/1"}],"replies":[{"embeddable":true,"href":"https:\/\/ceas.org.pe\/index.php\/wp-json\/wp\/v2\/comments?post=231"}],"version-history":[{"count":174,"href":"https:\/\/ceas.org.pe\/index.php\/wp-json\/wp\/v2\/pages\/231\/revisions"}],"predecessor-version":[{"id":8833,"href":"https:\/\/ceas.org.pe\/index.php\/wp-json\/wp\/v2\/pages\/231\/revisions\/8833"}],"wp:attachment":[{"href":"https:\/\/ceas.org.pe\/index.php\/wp-json\/wp\/v2\/media?parent=231"}],"curies":[{"name":"wp","href":"https:\/\/api.w.org\/{rel}","templated":true}]}}