{"id":208,"date":"2026-03-01T20:37:04","date_gmt":"2026-03-02T01:37:04","guid":{"rendered":"https:\/\/web.hilo.org.pe\/?page_id=208"},"modified":"2026-03-01T22:40:00","modified_gmt":"2026-03-02T03:40:00","slug":"nosotros","status":"publish","type":"page","link":"https:\/\/ceas.org.pe\/index.php\/nosotros\/","title":{"rendered":"Nosotros"},"content":{"rendered":"\t\t<div data-elementor-type=\"wp-page\" data-elementor-id=\"208\" class=\"elementor elementor-208\">\n\t\t\t\t<div class=\"elementor-element elementor-element-b83c233 e-con-full e-flex e-con e-parent\" data-id=\"b83c233\" data-element_type=\"container\" data-e-type=\"container\" data-settings=\"{&quot;background_background&quot;:&quot;classic&quot;}\">\n\t\t\t\t<div class=\"elementor-element elementor-element-79eb3f2 elementor-pagination-position-inside elementor-widget__width-inherit elementor-widget elementor-widget-image-carousel\" data-id=\"79eb3f2\" data-element_type=\"widget\" data-e-type=\"widget\" data-settings=\"{&quot;slides_to_show&quot;:&quot;1&quot;,&quot;navigation&quot;:&quot;dots&quot;,&quot;autoplay&quot;:&quot;yes&quot;,&quot;pause_on_hover&quot;:&quot;yes&quot;,&quot;pause_on_interaction&quot;:&quot;yes&quot;,&quot;autoplay_speed&quot;:5000,&quot;infinite&quot;:&quot;yes&quot;,&quot;effect&quot;:&quot;slide&quot;,&quot;speed&quot;:500}\" data-widget_type=\"image-carousel.default\">\n\t\t\t\t\t\t\t<div class=\"elementor-image-carousel-wrapper swiper\" role=\"region\" aria-roledescription=\"carousel\" aria-label=\"Carrusel de im\u00e1genes\" dir=\"ltr\">\n\t\t\t<div class=\"elementor-image-carousel swiper-wrapper swiper-image-stretch\" aria-live=\"off\">\n\t\t\t\t\t\t\t\t<div class=\"swiper-slide\" role=\"group\" aria-roledescription=\"slide\" aria-label=\"1 de 6\"><figure class=\"swiper-slide-inner\"><img decoding=\"async\" class=\"swiper-slide-image\" src=\"https:\/\/ceas.org.pe\/wp-content\/uploads\/2026\/03\/CEAS_banner000.jpg\" alt=\"CEAS_banner000\" \/><\/figure><\/div><div class=\"swiper-slide\" role=\"group\" aria-roledescription=\"slide\" aria-label=\"2 de 6\"><figure class=\"swiper-slide-inner\"><img decoding=\"async\" class=\"swiper-slide-image\" src=\"https:\/\/ceas.org.pe\/wp-content\/uploads\/2026\/03\/CEAS_banner003.jpg\" alt=\"CEAS_banner003\" \/><\/figure><\/div><div class=\"swiper-slide\" role=\"group\" aria-roledescription=\"slide\" aria-label=\"3 de 6\"><figure class=\"swiper-slide-inner\"><img decoding=\"async\" class=\"swiper-slide-image\" src=\"https:\/\/ceas.org.pe\/wp-content\/uploads\/2026\/03\/BANNER-WEB-agosto.png\" alt=\"BANNER-WEB-agosto\" \/><\/figure><\/div><div class=\"swiper-slide\" role=\"group\" aria-roledescription=\"slide\" aria-label=\"4 de 6\"><figure class=\"swiper-slide-inner\"><img decoding=\"async\" class=\"swiper-slide-image\" src=\"https:\/\/ceas.org.pe\/wp-content\/uploads\/2026\/03\/CBC-01.png\" alt=\"CBC-01\" \/><\/figure><\/div><div class=\"swiper-slide\" role=\"group\" aria-roledescription=\"slide\" aria-label=\"5 de 6\"><figure class=\"swiper-slide-inner\"><img decoding=\"async\" class=\"swiper-slide-image\" src=\"https:\/\/ceas.org.pe\/wp-content\/uploads\/2026\/03\/JPP.png\" alt=\"JPP\" \/><\/figure><\/div><div class=\"swiper-slide\" role=\"group\" aria-roledescription=\"slide\" aria-label=\"6 de 6\"><figure class=\"swiper-slide-inner\"><img decoding=\"async\" class=\"swiper-slide-image\" src=\"https:\/\/ceas.org.pe\/wp-content\/uploads\/2026\/03\/JPP.jpg\" alt=\"JPP\" \/><\/figure><\/div>\t\t\t<\/div>\n\t\t\t\t\t\t\t\n\t\t\t\t\t\t\t\t\t<div class=\"swiper-pagination\"><\/div>\n\t\t\t\t\t\t\t\t\t<\/div>\n\t\t\t\t\t\t<\/div>\n\t\t\t\t<\/div>\n\t\t<div class=\"elementor-element elementor-element-e36932d e-flex e-con-boxed e-con e-parent\" data-id=\"e36932d\" data-element_type=\"container\" data-e-type=\"container\" data-settings=\"{&quot;background_background&quot;:&quot;classic&quot;}\">\n\t\t\t\t\t<div class=\"e-con-inner\">\n\t\t\t\t<div class=\"elementor-element elementor-element-60a131e elementor-widget elementor-widget-heading\" data-id=\"60a131e\" data-element_type=\"widget\" data-e-type=\"widget\" data-widget_type=\"heading.default\">\n\t\t\t\t\t<h2 class=\"elementor-heading-title elementor-size-default\">SOBRE NOSOTROS<\/h2>\t\t\t\t<\/div>\n\t\t\t\t\t<\/div>\n\t\t\t\t<\/div>\n\t\t<div class=\"elementor-element elementor-element-478f515 e-flex e-con-boxed e-con e-parent\" data-id=\"478f515\" data-element_type=\"container\" data-e-type=\"container\">\n\t\t\t\t\t<div class=\"e-con-inner\">\n\t\t\t\t<div class=\"elementor-element elementor-element-4f4ebc3 elementor-widget elementor-widget-text-editor\" data-id=\"4f4ebc3\" data-element_type=\"widget\" data-e-type=\"widget\" data-widget_type=\"text-editor.default\">\n\t\t\t\t\t\t\t\t\t<p>La Comisi\u00f3n Episcopal de Acci\u00f3n Social -CEAS- fue creada el 11 de marzo de 1965, en el marco del Concilio de Vaticano II, a\u00f1o de la promulgaci\u00f3n de la Constituci\u00f3n Pastoral sobre la Iglesia en el mundo, conocida por sus primeras palabras \u201cAlegr\u00eda y Esperanza\u201d, \u201cGaudium et spes\u201d en lat\u00edn.<\/p><p>CEAS, es un \u00f3rgano de servicio de la Conferencia Episcopal Peruana, para la defensa y promoci\u00f3n de los derechos humanos desde el Evangelio y la Doctrina Social de la Iglesia. Participa en la animaci\u00f3n, asesor\u00eda, promoci\u00f3n y coordinaci\u00f3n de la Pastoral Social a nivel Nacional. Promueve una pastoral de los Derechos Humanos que consolide la justicia, la democracia, el desarrollo y la paz en el Per\u00fa.<\/p><p>CEAS forma parte del \u00c1rea de Pastoral Social de la Conferencia Episcopal Peruana, conjuntamente con la Pastoral de Salud y la Pastoral de Movilidad Humana.<\/p><p>CEAS &#8211; Comisi\u00f3n Episcopal de Acci\u00f3n Social<\/p>\t\t\t\t\t\t\t\t<\/div>\n\t\t\t\t\t<\/div>\n\t\t\t\t<\/div>\n\t\t<div class=\"elementor-element elementor-element-4651523 e-flex e-con-boxed e-con e-parent\" data-id=\"4651523\" data-element_type=\"container\" data-e-type=\"container\" data-settings=\"{&quot;background_background&quot;:&quot;classic&quot;}\">\n\t\t\t\t\t<div class=\"e-con-inner\">\n\t\t\t\t<div class=\"elementor-element elementor-element-733f9ad elementor-widget elementor-widget-heading\" data-id=\"733f9ad\" data-element_type=\"widget\" data-e-type=\"widget\" data-widget_type=\"heading.default\">\n\t\t\t\t\t<h2 class=\"elementor-heading-title elementor-size-default\">Nuestra Misi\u00f3n<\/h2>\t\t\t\t<\/div>\n\t\t\t\t\t<\/div>\n\t\t\t\t<\/div>\n\t\t<div class=\"elementor-element elementor-element-3052b5a e-flex e-con-boxed e-con e-parent\" data-id=\"3052b5a\" data-element_type=\"container\" data-e-type=\"container\">\n\t\t\t\t\t<div class=\"e-con-inner\">\n\t\t\t\t<div class=\"elementor-element elementor-element-e440881 elementor-widget elementor-widget-text-editor\" data-id=\"e440881\" data-element_type=\"widget\" data-e-type=\"widget\" data-widget_type=\"text-editor.default\">\n\t\t\t\t\t\t\t\t\t<p>La Comisi\u00f3n Episcopal de Acci\u00f3n Social -CEAS- fue creada el 11 de marzo de 1965, en el marco del Concilio de Vaticano II, a\u00f1o de la promulgaci\u00f3n de la Constituci\u00f3n Pastoral sobre la Iglesia en el mundo, conocida por sus primeras palabras \u201cAlegr\u00eda y Esperanza\u201d, \u201cGaudium et spes\u201d en lat\u00edn.<\/p><p>CEAS, es un \u00f3rgano de servicio de la Conferencia Episcopal Peruana, para la defensa y promoci\u00f3n de los derechos humanos desde el Evangelio y la Doctrina Social de la Iglesia. Participa en la animaci\u00f3n, asesor\u00eda, promoci\u00f3n y coordinaci\u00f3n de la Pastoral Social a nivel Nacional. Promueve una pastoral de los Derechos Humanos que consolide la justicia, la democracia, el desarrollo y la paz en el Per\u00fa.<\/p><p>CEAS forma parte del \u00c1rea de Pastoral Social de la Conferencia Episcopal Peruana, conjuntamente con la Pastoral de Salud y la Pastoral de Movilidad Humana.<\/p><p>CEAS &#8211; Comisi\u00f3n Episcopal de Acci\u00f3n Social<\/p>\t\t\t\t\t\t\t\t<\/div>\n\t\t\t\t\t<\/div>\n\t\t\t\t<\/div>\n\t\t<div class=\"elementor-element elementor-element-ce6af4f e-flex e-con-boxed e-con e-parent\" data-id=\"ce6af4f\" data-element_type=\"container\" data-e-type=\"container\" data-settings=\"{&quot;background_background&quot;:&quot;classic&quot;}\">\n\t\t\t\t\t<div class=\"e-con-inner\">\n\t\t\t\t<div class=\"elementor-element elementor-element-ea9243e elementor-widget elementor-widget-heading\" data-id=\"ea9243e\" data-element_type=\"widget\" data-e-type=\"widget\" data-widget_type=\"heading.default\">\n\t\t\t\t\t<h2 class=\"elementor-heading-title elementor-size-default\">Nuestra Visi\u00f3n<\/h2>\t\t\t\t<\/div>\n\t\t\t\t\t<\/div>\n\t\t\t\t<\/div>\n\t\t<div class=\"elementor-element elementor-element-3a927cc e-flex e-con-boxed e-con e-parent\" data-id=\"3a927cc\" data-element_type=\"container\" data-e-type=\"container\">\n\t\t\t\t\t<div class=\"e-con-inner\">\n\t\t\t\t<div class=\"elementor-element elementor-element-ceb0921 elementor-widget elementor-widget-text-editor\" data-id=\"ceb0921\" data-element_type=\"widget\" data-e-type=\"widget\" data-widget_type=\"text-editor.default\">\n\t\t\t\t\t\t\t\t\t<p>La Comisi\u00f3n Episcopal de Acci\u00f3n Social -CEAS- fue creada el 11 de marzo de 1965, en el marco del Concilio de Vaticano II, a\u00f1o de la promulgaci\u00f3n de la Constituci\u00f3n Pastoral sobre la Iglesia en el mundo, conocida por sus primeras palabras \u201cAlegr\u00eda y Esperanza\u201d, \u201cGaudium et spes\u201d en lat\u00edn.<\/p><p>CEAS, es un \u00f3rgano de servicio de la Conferencia Episcopal Peruana, para la defensa y promoci\u00f3n de los derechos humanos desde el Evangelio y la Doctrina Social de la Iglesia. Participa en la animaci\u00f3n, asesor\u00eda, promoci\u00f3n y coordinaci\u00f3n de la Pastoral Social a nivel Nacional. Promueve una pastoral de los Derechos Humanos que consolide la justicia, la democracia, el desarrollo y la paz en el Per\u00fa.<\/p><p>CEAS forma parte del \u00c1rea de Pastoral Social de la Conferencia Episcopal Peruana, conjuntamente con la Pastoral de Salud y la Pastoral de Movilidad Humana.<\/p><p>CEAS &#8211; Comisi\u00f3n Episcopal de Acci\u00f3n Social<\/p>\t\t\t\t\t\t\t\t<\/div>\n\t\t\t\t\t<\/div>\n\t\t\t\t<\/div>\n\t\t\t\t<\/div>\n\t\t","protected":false},"excerpt":{"rendered":"<p>SOBRE NOSOTROS La Comisi\u00f3n Episcopal de Acci\u00f3n Social -CEAS- fue creada el 11 de marzo de 1965, en el marco del Concilio de Vaticano II, a\u00f1o de la promulgaci\u00f3n de la Constituci\u00f3n Pastoral sobre la Iglesia en el mundo, conocida por sus primeras palabras \u201cAlegr\u00eda y Esperanza\u201d, \u201cGaudium et spes\u201d en lat\u00edn. CEAS, es un [&hellip;]<\/p>\n","protected":false},"author":1,"featured_media":0,"parent":0,"menu_order":0,"comment_status":"closed","ping_status":"closed","template":"","meta":{"footnotes":""},"class_list":["post-208","page","type-page","status-publish","hentry"],"_links":{"self":[{"href":"https:\/\/ceas.org.pe\/index.php\/wp-json\/wp\/v2\/pages\/208","targetHints":{"allow":["GET"]}}],"collection":[{"href":"https:\/\/ceas.org.pe\/index.php\/wp-json\/wp\/v2\/pages"}],"about":[{"href":"https:\/\/ceas.org.pe\/index.php\/wp-json\/wp\/v2\/types\/page"}],"author":[{"embeddable":true,"href":"https:\/\/ceas.org.pe\/index.php\/wp-json\/wp\/v2\/users\/1"}],"replies":[{"embeddable":true,"href":"https:\/\/ceas.org.pe\/index.php\/wp-json\/wp\/v2\/comments?post=208"}],"version-history":[{"count":28,"href":"https:\/\/ceas.org.pe\/index.php\/wp-json\/wp\/v2\/pages\/208\/revisions"}],"predecessor-version":[{"id":438,"href":"https:\/\/ceas.org.pe\/index.php\/wp-json\/wp\/v2\/pages\/208\/revisions\/438"}],"wp:attachment":[{"href":"https:\/\/ceas.org.pe\/index.php\/wp-json\/wp\/v2\/media?parent=208"}],"curies":[{"name":"wp","href":"https:\/\/api.w.org\/{rel}","templated":true}]}}